{"id":60,"date":"2025-06-06T07:42:44","date_gmt":"2025-06-06T07:42:44","guid":{"rendered":"https:\/\/naturopatiasalud.dev02.servidordepruebas.eu\/index.php\/aviso-legal\/"},"modified":"2025-06-16T08:14:45","modified_gmt":"2025-06-16T08:14:45","slug":"aviso-legal","status":"publish","type":"page","link":"https:\/\/naturopatiasalud.dev02.servidordepruebas.eu\/index.php\/aviso-legal\/","title":{"rendered":"Aviso Legal"},"content":{"rendered":"\t\t<div data-elementor-type=\"wp-page\" data-elementor-id=\"60\" class=\"elementor elementor-60\" data-elementor-post-type=\"page\">\n\t\t\t\t<div class=\"elementor-element elementor-element-6f043d1f e-flex e-con-boxed e-con e-parent\" data-id=\"6f043d1f\" data-element_type=\"container\" data-settings=\"{&quot;background_background&quot;:&quot;classic&quot;}\">\n\t\t\t\t\t<div class=\"e-con-inner\">\n\t\t\t\t<div class=\"elementor-element elementor-element-27453e3 elementor-widget elementor-widget-heading\" data-id=\"27453e3\" data-element_type=\"widget\" data-widget_type=\"heading.default\">\n\t\t\t\t<div class=\"elementor-widget-container\">\n\t\t\t\t\t<h2 class=\"elementor-heading-title elementor-size-default\">Aviso Legal<\/h2>\t\t\t\t<\/div>\n\t\t\t\t<\/div>\n\t\t\t\t\t<\/div>\n\t\t\t\t<\/div>\n\t\t<div class=\"elementor-element elementor-element-1714b803 e-flex e-con-boxed e-con e-parent\" data-id=\"1714b803\" data-element_type=\"container\">\n\t\t\t\t\t<div class=\"e-con-inner\">\n\t\t\t\t<div class=\"elementor-element elementor-element-2075f220 elementor-widget elementor-widget-text-editor\" data-id=\"2075f220\" data-element_type=\"widget\" data-widget_type=\"text-editor.default\">\n\t\t\t\t<div class=\"elementor-widget-container\">\n\t\t\t\t\t\t\t\t\t<h3>1. IDENTIFICACI\u00d3N DEL TITULAR<\/h3><ul><li>Raz\u00f3n Social: FRANCISCO JAVIER REVERTE LOPEZ<\/li><li>NIF: 23280077Y<\/li><li>Domicilio Social: CAMINO PUENTE ALTO 288, 30800, Lorca, Murcia<\/li><li>Correo Electr\u00f3nico de Contacto: revertecon@gmail.com<\/li><li>Tel\u00e9fono de Contacto: 666 64 41 91<\/li><\/ul><h3>2. OBJETO<\/h3><p>Este Aviso Legal regula el uso del sitio web naturopatiasalud.com, propiedad de FRANCISCO JAVIER REVERTE LOPEZ, al que se ha accedido. La navegaci\u00f3n por el sitio web de FRANCISCO JAVIER REVERTE LOPEZ atribuye la condici\u00f3n de usuario del mismo e implica la aceptaci\u00f3n plena y sin reservas de este Aviso Legal.<\/p><h3>3. CONDICIONES DE USO<\/h3><p>El usuario se compromete a utilizar el sitio web, sus servicios y contenidos sin contravenir la legislaci\u00f3n vigente, la buena fe, y el orden p\u00fablico. Queda prohibido el uso del sitio web con fines il\u00edcitos o lesivos contra FRANCISCO JAVIER REVERTE LOPEZ o cualquier tercero.<\/p><h3>4. PROPIEDAD INTELECTUAL E INDUSTRIAL<\/h3><p>Los contenidos del sitio web, incluyendo textos, im\u00e1genes, marcas, logotipos, archivos de audio o video, botones, software, etc., son propiedad de FRANCISCO JAVIER REVERTE LOPEZ o de sus respectivos propietarios y est\u00e1n protegidos por las leyes de propiedad intelectual e industrial. Su uso est\u00e1 expresamente prohibido sin el consentimiento de FRANCISCO JAVIER REVERTE LOPEZ o de los propietarios correspondientes.<\/p><h3>5. POL\u00cdTICA DE ENLACES<\/h3><p>FRANCISCO JAVIER REVERTE LOPEZ no se responsabiliza de aquellos sitios web o archivos a los que sea posible acceder a trav\u00e9s de enlaces de hipertexto disponibles entre sus contenidos, dado que dichas p\u00e1ginas enlazadas son responsabilidad de sus respectivos titulares.<\/p><h3>6. EXENCI\u00d3N DE RESPONSABILIDADES<\/h3><p>FRANCISCO JAVIER REVERTE LOPEZ no se hace responsable de los da\u00f1os y perjuicios que se pudieran derivar de, con car\u00e1cter meramente enunciativo y no limitativo: errores o omisiones en los contenidos, falta de disponibilidad del sitio web, o la transmisi\u00f3n de virus o programas maliciosos en los contenidos, a pesar de haber adoptado todas las medidas tecnol\u00f3gicas necesarias para evitarlo.<\/p><h3>7. MODIFICACIONES<\/h3><p>FRANCISCO JAVIER REVERTE LOPEZ se reserva el derecho de efectuar sin previo aviso las modificaciones que considere oportunas en su sitio web, pudiendo cambiar, suprimir o a\u00f1adir tanto los contenidos y servicios que se prestan a trav\u00e9s de la misma como la forma en la que estos aparezcan presentados o localizados en su portal.<\/p><h3>8. LEGISLACI\u00d3N APLICABLE Y JURISDICCI\u00d3N<\/h3><p>El presente Aviso Legal se rige por la legislaci\u00f3n espa\u00f1ola. Para la resoluci\u00f3n de todas las controversias o cuestiones relacionadas con este sitio web o de las actividades en \u00e9l desarrolladas, FRANCISCO JAVIER REVERTE LOPEZ y el usuario acuerdan someterse a los Juzgados y Tribunales de Lorca, Murcia, Espa\u00f1a.<\/p>\t\t\t\t\t\t\t\t<\/div>\n\t\t\t\t<\/div>\n\t\t\t\t\t<\/div>\n\t\t\t\t<\/div>\n\t\t\t\t<\/div>\n\t\t","protected":false},"excerpt":{"rendered":"<p>Aviso Legal 1. IDENTIFICACI\u00d3N DEL TITULAR Raz\u00f3n Social: FRANCISCO JAVIER REVERTE LOPEZ NIF: 23280077Y Domicilio Social: CAMINO PUENTE ALTO 288, 30800, Lorca, Murcia Correo Electr\u00f3nico de Contacto: revertecon@gmail.com Tel\u00e9fono de Contacto: 666 64 41 91 2. OBJETO Este Aviso Legal regula el uso del sitio web naturopatiasalud.com, propiedad de FRANCISCO JAVIER REVERTE LOPEZ, al que [&hellip;]<\/p>\n","protected":false},"author":1,"featured_media":0,"parent":0,"menu_order":0,"comment_status":"closed","ping_status":"closed","template":"","meta":{"footnotes":""},"class_list":["post-60","page","type-page","status-publish","hentry"],"_links":{"self":[{"href":"https:\/\/naturopatiasalud.dev02.servidordepruebas.eu\/index.php\/wp-json\/wp\/v2\/pages\/60","targetHints":{"allow":["GET"]}}],"collection":[{"href":"https:\/\/naturopatiasalud.dev02.servidordepruebas.eu\/index.php\/wp-json\/wp\/v2\/pages"}],"about":[{"href":"https:\/\/naturopatiasalud.dev02.servidordepruebas.eu\/index.php\/wp-json\/wp\/v2\/types\/page"}],"author":[{"embeddable":true,"href":"https:\/\/naturopatiasalud.dev02.servidordepruebas.eu\/index.php\/wp-json\/wp\/v2\/users\/1"}],"replies":[{"embeddable":true,"href":"https:\/\/naturopatiasalud.dev02.servidordepruebas.eu\/index.php\/wp-json\/wp\/v2\/comments?post=60"}],"version-history":[{"count":16,"href":"https:\/\/naturopatiasalud.dev02.servidordepruebas.eu\/index.php\/wp-json\/wp\/v2\/pages\/60\/revisions"}],"predecessor-version":[{"id":230,"href":"https:\/\/naturopatiasalud.dev02.servidordepruebas.eu\/index.php\/wp-json\/wp\/v2\/pages\/60\/revisions\/230"}],"wp:attachment":[{"href":"https:\/\/naturopatiasalud.dev02.servidordepruebas.eu\/index.php\/wp-json\/wp\/v2\/media?parent=60"}],"curies":[{"name":"wp","href":"https:\/\/api.w.org\/{rel}","templated":true}]}}