{"id":63,"date":"2025-06-06T07:42:45","date_gmt":"2025-06-06T07:42:45","guid":{"rendered":"https:\/\/naturopatiasalud.dev02.servidordepruebas.eu\/index.php\/politica-de-privacidad\/"},"modified":"2025-06-16T08:09:22","modified_gmt":"2025-06-16T08:09:22","slug":"politica-de-privacidad","status":"publish","type":"page","link":"https:\/\/naturopatiasalud.dev02.servidordepruebas.eu\/index.php\/politica-de-privacidad\/","title":{"rendered":"Pol\u00edtica de Privacidad"},"content":{"rendered":"\t\t<div data-elementor-type=\"wp-page\" data-elementor-id=\"63\" class=\"elementor elementor-63\" data-elementor-post-type=\"page\">\n\t\t\t\t<div class=\"elementor-element elementor-element-46dd9f46 e-flex e-con-boxed e-con e-parent\" data-id=\"46dd9f46\" data-element_type=\"container\" data-settings=\"{&quot;background_background&quot;:&quot;classic&quot;}\">\n\t\t\t\t\t<div class=\"e-con-inner\">\n\t\t\t\t<div class=\"elementor-element elementor-element-437d0722 elementor-widget elementor-widget-heading\" data-id=\"437d0722\" data-element_type=\"widget\" data-widget_type=\"heading.default\">\n\t\t\t\t<div class=\"elementor-widget-container\">\n\t\t\t\t\t<h2 class=\"elementor-heading-title elementor-size-default\">Pol\u00edtica de Privacidad<\/h2>\t\t\t\t<\/div>\n\t\t\t\t<\/div>\n\t\t\t\t\t<\/div>\n\t\t\t\t<\/div>\n\t\t<div class=\"elementor-element elementor-element-7f5f6c78 e-flex e-con-boxed e-con e-parent\" data-id=\"7f5f6c78\" data-element_type=\"container\">\n\t\t\t\t\t<div class=\"e-con-inner\">\n\t\t\t\t<div class=\"elementor-element elementor-element-c4ecab3 elementor-widget elementor-widget-text-editor\" data-id=\"c4ecab3\" data-element_type=\"widget\" data-widget_type=\"text-editor.default\">\n\t\t\t\t<div class=\"elementor-widget-container\">\n\t\t\t\t\t\t\t\t\t<h3>1. Introducci\u00f3n<\/h3><p>FRANCISCO JAVIER REVERTE LOPEZ, con NIF: 23280077Y y domicilio en CAMINO PUENTE ALTO 288, 30800, Lorca, Murcia, es el responsable del tratamiento de los datos personales de los usuarios y visitantes de nuestro sitio web. Nos comprometemos a proteger la privacidad de nuestros usuarios y utilizamos esos datos solo de manera que se ha consentido y de acuerdo con las leyes de protecci\u00f3n de datos aplicables.<\/p><h3>2. Datos Personales Recopilados<\/h3><p>Recopilamos datos personales como correos electr\u00f3nicos para an\u00e1lisis de uso del sitio web y acciones de marketing. No recopilamos datos de menores de edad.<\/p><h3>3. Finalidades del Tratamiento<\/h3><p>Los datos recopilados se utilizan para an\u00e1lisis de uso del sitio web y actividades de marketing. Este tratamiento se basa en el consentimiento, contrato, y nuestro inter\u00e9s leg\u00edtimo.<\/p><h3>4. Compartici\u00f3n y Transferencia de Datos<\/h3><p>Compartimos datos con terceros como Google para mejorar nuestros servicios y ofertas. Realizamos transferencias de datos a Espa\u00f1a, asegurando que se mantienen las protecciones adecuadas.<\/p><h3>5. Medidas de Seguridad<\/h3><p>Protegemos los datos personales mediante copias de seguridad diarias y otras medidas de seguridad inform\u00e1tica para prevenir accesos no autorizados.<\/p><h3>6. Derechos de los Usuarios<\/h3><p>Los usuarios tienen derecho a acceder, rectificar, suprimir sus datos, oponerse y limitar su tratamiento, y solicitar la portabilidad de sus datos enviando un correo a revertecon@gmail.com.<\/p><h3>7. Uso de Herramientas de Terceros<\/h3><p>Utilizamos Search Console y Analytics para recopilar informaci\u00f3n sobre el uso de nuestro sitio. Estas herramientas nos ayudan a entender c\u00f3mo interact\u00faan los usuarios con el sitio y mejorar su experiencia.<\/p><h3>8. Cambios en la Pol\u00edtica de Privacidad<\/h3><p>Nos reservamos el derecho de modificar esta pol\u00edtica de privacidad en cualquier momento, siendo efectivas las modificaciones una vez publicadas en el sitio web.<\/p><h3>9. Contacto<\/h3><p>Para cualquier pregunta relacionada con esta pol\u00edtica de privacidad, por favor contacta con nosotros a trav\u00e9s de revertecon@gmail.com.<\/p>\t\t\t\t\t\t\t\t<\/div>\n\t\t\t\t<\/div>\n\t\t\t\t\t<\/div>\n\t\t\t\t<\/div>\n\t\t\t\t<\/div>\n\t\t","protected":false},"excerpt":{"rendered":"<p>Pol\u00edtica de Privacidad 1. Introducci\u00f3n FRANCISCO JAVIER REVERTE LOPEZ, con NIF: 23280077Y y domicilio en CAMINO PUENTE ALTO 288, 30800, Lorca, Murcia, es el responsable del tratamiento de los datos personales de los usuarios y visitantes de nuestro sitio web. Nos comprometemos a proteger la privacidad de nuestros usuarios y utilizamos esos datos solo de [&hellip;]<\/p>\n","protected":false},"author":1,"featured_media":0,"parent":0,"menu_order":0,"comment_status":"closed","ping_status":"closed","template":"","meta":{"footnotes":""},"class_list":["post-63","page","type-page","status-publish","hentry"],"_links":{"self":[{"href":"https:\/\/naturopatiasalud.dev02.servidordepruebas.eu\/index.php\/wp-json\/wp\/v2\/pages\/63","targetHints":{"allow":["GET"]}}],"collection":[{"href":"https:\/\/naturopatiasalud.dev02.servidordepruebas.eu\/index.php\/wp-json\/wp\/v2\/pages"}],"about":[{"href":"https:\/\/naturopatiasalud.dev02.servidordepruebas.eu\/index.php\/wp-json\/wp\/v2\/types\/page"}],"author":[{"embeddable":true,"href":"https:\/\/naturopatiasalud.dev02.servidordepruebas.eu\/index.php\/wp-json\/wp\/v2\/users\/1"}],"replies":[{"embeddable":true,"href":"https:\/\/naturopatiasalud.dev02.servidordepruebas.eu\/index.php\/wp-json\/wp\/v2\/comments?post=63"}],"version-history":[{"count":7,"href":"https:\/\/naturopatiasalud.dev02.servidordepruebas.eu\/index.php\/wp-json\/wp\/v2\/pages\/63\/revisions"}],"predecessor-version":[{"id":216,"href":"https:\/\/naturopatiasalud.dev02.servidordepruebas.eu\/index.php\/wp-json\/wp\/v2\/pages\/63\/revisions\/216"}],"wp:attachment":[{"href":"https:\/\/naturopatiasalud.dev02.servidordepruebas.eu\/index.php\/wp-json\/wp\/v2\/media?parent=63"}],"curies":[{"name":"wp","href":"https:\/\/api.w.org\/{rel}","templated":true}]}}