{"id":66,"date":"2025-06-06T07:42:45","date_gmt":"2025-06-06T07:42:45","guid":{"rendered":"https:\/\/naturopatiasalud.dev02.servidordepruebas.eu\/index.php\/accesibilidad\/"},"modified":"2025-06-16T08:14:07","modified_gmt":"2025-06-16T08:14:07","slug":"accesibilidad","status":"publish","type":"page","link":"https:\/\/naturopatiasalud.dev02.servidordepruebas.eu\/index.php\/accesibilidad\/","title":{"rendered":"Accesibilidad"},"content":{"rendered":"\t\t<div data-elementor-type=\"wp-page\" data-elementor-id=\"66\" class=\"elementor elementor-66\" data-elementor-post-type=\"page\">\n\t\t\t\t<div class=\"elementor-element elementor-element-4e841ee4 e-flex e-con-boxed e-con e-parent\" data-id=\"4e841ee4\" data-element_type=\"container\" data-settings=\"{&quot;background_background&quot;:&quot;classic&quot;}\">\n\t\t\t\t\t<div class=\"e-con-inner\">\n\t\t\t\t<div class=\"elementor-element elementor-element-6c8866e3 elementor-widget elementor-widget-heading\" data-id=\"6c8866e3\" data-element_type=\"widget\" data-widget_type=\"heading.default\">\n\t\t\t\t<div class=\"elementor-widget-container\">\n\t\t\t\t\t<h2 class=\"elementor-heading-title elementor-size-default\">Declaraci\u00f3n de Accesibilidad<\/h2>\t\t\t\t<\/div>\n\t\t\t\t<\/div>\n\t\t\t\t\t<\/div>\n\t\t\t\t<\/div>\n\t\t<div class=\"elementor-element elementor-element-abf2014 e-flex e-con-boxed e-con e-parent\" data-id=\"abf2014\" data-element_type=\"container\">\n\t\t\t\t\t<div class=\"e-con-inner\">\n\t\t\t\t<div class=\"elementor-element elementor-element-e90b20e elementor-widget elementor-widget-text-editor\" data-id=\"e90b20e\" data-element_type=\"widget\" data-widget_type=\"text-editor.default\">\n\t\t\t\t<div class=\"elementor-widget-container\">\n\t\t\t\t\t\t\t\t\t<p>FRANCISCO JAVIER REVERTE LOPEZ se compromete en hacer accesible su sitio web de conformidad con el Real Decreto 1112\/2018, sobre accesibilidad de los sitios webs y aplicaciones para dispositivos m\u00f3viles del sector p\u00fablico.<\/p><p>La presente declaraci\u00f3n de accesibilidad se aplica al sitio web naturopatiasalud.com<\/p><h3>Situaci\u00f3n de cumplimiento<\/h3><p>Este sitio web es parcialmente conforme con el RD 1112\/2018 debido a la falta de conformidad de los aspectos que se indican a continuaci\u00f3n.<\/p><h3>Contenido no accesible<\/h3><p>El contenido que se recoge a continuaci\u00f3n no es accesible por lo siguiente:<\/p><p>Falta de conformidad con el RD 1112\/2018.<br \/>Se pueden encontrar im\u00e1genes sin que acompa\u00f1e texto explicativo.<br \/>Se puede encontrar a\u00fan anidamientos incorrectos de etiquetas.<br \/>Podr\u00edan existir fallos de edici\u00f3n en la p\u00e1gina web.<br \/>Carga desproporcionada<br \/>No aplica.<br \/>El contenido no entra dentro del \u00e1mbito de la legislaci\u00f3n aplicable.<br \/>Existen archivos ofim\u00e1ticos en PDF que no cumplan en su totalidad todos los requisitos de accesibilidad.<\/p><h3>Preparaci\u00f3n de la presente declaraci\u00f3n de accesibilidad:<\/h3><p>La presente declaraci\u00f3n fue preparada el 16-04-2025.<\/p><p>El m\u00e9todo empleado para preparar la declaraci\u00f3n ha sido una autoevaluaci\u00f3n llevada a cabo por el equipo de accesibilidad de la entidad.<\/p><p>\u00daltima revisi\u00f3n de la declaraci\u00f3n: 16-06-2025.<\/p><h3>Observaciones y datos de contacto:<\/h3><p>Puede realizar comunicaciones sobre requisitos de accesibilidad (art\u00edculo 10.2.a) del RD 1112\/2018) como por ejemplo:<\/p><p>1. Informar sobre cualquier posible incumplimiento por parte de este sitio web.<\/p><p>2. Transmitir otras dificultades de acceso al contenido.<\/p><p>3. Formular cualquier otra consulta o sugerencia de mejora relativa a la accesibilidad del sitio web.<\/p><p>A trav\u00e9s de nuestro email revertecon@gmail.com , o de manera presencial en nuestra sede: CAMINO PUENTE ALTO 288, 30800, Lorca, Murcia i<span style=\"text-align: var(--text-align);\">ndicando en el Asunto: \u00abAccesibilidad Web\u00bb<\/span><\/p><p>Las comunicaciones ser\u00e1n recibidas y tratadas por el equipo de Accesibilidad.<\/p><h3>Contenido opcional<\/h3><p>En esta web se han adoptado una serie de medidas cuyo objetivo es mejorar la accesibilidad. Las ventajas que esto conlleva son, entre otras:<\/p><p>1. Facilitar el acceso de las personas independientemente de su condici\u00f3n f\u00edsica o de su entorno.<\/p><p>2. Incluir contenidos claros y bien estructurados.<\/p><p>3. Mejorar la navegaci\u00f3n y la experiencia del usuario.<\/p><p>Entre las medidas adoptadas:<\/p><h3>Bot\u00f3n lateral de Accesibilidad<\/h3><p>En todas las p\u00e1ginas de la web, cuentan con un bot\u00f3n en el lateral con s\u00edmbolo de accesibilidad, que cuando pinchamos en el se abre un \u00abpop up\u00bb con las diferentes opciones de accesibilidad visual que pueden afectar a la p\u00e1gina web.<\/p><p>Atajos de teclado<\/p><p>Internet Explorer 6 o superiores: ALT + Tecla de acceso r\u00e1pido + Tecla ENTER<br \/>Mozilla Firefox 2.0 o superiores: ALT + MAYUSCULAS + Tecla de acceso r\u00e1pido (configuraci\u00f3n \u2013 avanzada en navegador con dos teclas)<br \/>Opera: Tecla May\u00fasculas + Esc para activar las teclas de acceso r\u00e1pido<br \/>MacOS: CONTROL + Tecla de acceso r\u00e1pido<\/p>\t\t\t\t\t\t\t\t<\/div>\n\t\t\t\t<\/div>\n\t\t\t\t\t<\/div>\n\t\t\t\t<\/div>\n\t\t\t\t<\/div>\n\t\t","protected":false},"excerpt":{"rendered":"<p>Declaraci\u00f3n de Accesibilidad FRANCISCO JAVIER REVERTE LOPEZ se compromete en hacer accesible su sitio web de conformidad con el Real Decreto 1112\/2018, sobre accesibilidad de los sitios webs y aplicaciones para dispositivos m\u00f3viles del sector p\u00fablico. La presente declaraci\u00f3n de accesibilidad se aplica al sitio web naturopatiasalud.com Situaci\u00f3n de cumplimiento Este sitio web es parcialmente [&hellip;]<\/p>\n","protected":false},"author":1,"featured_media":0,"parent":0,"menu_order":0,"comment_status":"closed","ping_status":"closed","template":"","meta":{"footnotes":""},"class_list":["post-66","page","type-page","status-publish","hentry"],"_links":{"self":[{"href":"https:\/\/naturopatiasalud.dev02.servidordepruebas.eu\/index.php\/wp-json\/wp\/v2\/pages\/66","targetHints":{"allow":["GET"]}}],"collection":[{"href":"https:\/\/naturopatiasalud.dev02.servidordepruebas.eu\/index.php\/wp-json\/wp\/v2\/pages"}],"about":[{"href":"https:\/\/naturopatiasalud.dev02.servidordepruebas.eu\/index.php\/wp-json\/wp\/v2\/types\/page"}],"author":[{"embeddable":true,"href":"https:\/\/naturopatiasalud.dev02.servidordepruebas.eu\/index.php\/wp-json\/wp\/v2\/users\/1"}],"replies":[{"embeddable":true,"href":"https:\/\/naturopatiasalud.dev02.servidordepruebas.eu\/index.php\/wp-json\/wp\/v2\/comments?post=66"}],"version-history":[{"count":7,"href":"https:\/\/naturopatiasalud.dev02.servidordepruebas.eu\/index.php\/wp-json\/wp\/v2\/pages\/66\/revisions"}],"predecessor-version":[{"id":227,"href":"https:\/\/naturopatiasalud.dev02.servidordepruebas.eu\/index.php\/wp-json\/wp\/v2\/pages\/66\/revisions\/227"}],"wp:attachment":[{"href":"https:\/\/naturopatiasalud.dev02.servidordepruebas.eu\/index.php\/wp-json\/wp\/v2\/media?parent=66"}],"curies":[{"name":"wp","href":"https:\/\/api.w.org\/{rel}","templated":true}]}}